{"id":136,"date":"2020-03-19T14:08:55","date_gmt":"2020-03-19T14:08:55","guid":{"rendered":"https:\/\/greenhouseinthesnow-europe.com\/?page_id=136"},"modified":"2021-04-20T20:01:10","modified_gmt":"2021-04-20T20:01:10","slug":"tours","status":"publish","type":"page","link":"https:\/\/greenhouseinthesnow-europe.com\/fr\/tours\/","title":{"rendered":"Visites"},"content":{"rendered":"<p>[et_pb_section fb_built=&#8221;1&#8243; _builder_version=&#8221;4.0.9&#8243; background_enable_image=&#8221;off&#8221; min_height=&#8221;2217px&#8221;][et_pb_row column_structure=&#8221;1_4,3_4&#8243; _builder_version=&#8221;4.0.9&#8243; link_option_url=&#8221;https:\/\/greenhouseinthesnow-europe.com&#8221;][et_pb_column type=&#8221;1_4&#8243; _builder_version=&#8221;4.0.9&#8243;][et_pb_image src=&#8221;https:\/\/greenhouseinthesnow-europe.com\/wordpress\/wp-content\/uploads\/2020\/03\/logo-500&#215;500-1-276&#215;300.jpg&#8221; url=&#8221;https:\/\/greenhouseinthesnow-europe.com\/&#8221; disabled_on=&#8221;on|on|off&#8221; _builder_version=&#8221;4.6.6&#8243; vertical_offset_tablet=&#8221;0&#8243; horizontal_offset_tablet=&#8221;0&#8243; height=&#8221;180px&#8221; custom_margin=&#8221;-36px||||false|false&#8221; custom_margin_tablet=&#8221;&#8221; custom_margin_phone=&#8221;&#8221; custom_margin_last_edited=&#8221;on|desktop&#8221; z_index_tablet=&#8221;0&#8243; box_shadow_horizontal_tablet=&#8221;0px&#8221; box_shadow_vertical_tablet=&#8221;0px&#8221; box_shadow_blur_tablet=&#8221;40px&#8221; box_shadow_spread_tablet=&#8221;0px&#8221;][\/et_pb_image][\/et_pb_column][et_pb_column type=&#8221;3_4&#8243; _builder_version=&#8221;4.0.9&#8243;][et_pb_text _builder_version=&#8221;4.0.9&#8243; header_font=&#8221;Architects Daughter|||on|||||&#8221; header_text_align=&#8221;center&#8221; header_font_size=&#8221;35px&#8221; header_letter_spacing=&#8221;5px&#8221; header_2_font=&#8221;Architects Daughter|||on|||||&#8221; header_2_text_color=&#8221;#6fb543&#8243; header_2_font_size=&#8221;22px&#8221; text_orientation=&#8221;center&#8221; min_height=&#8221;76px&#8221; custom_margin=&#8221;45px||||false|false&#8221; custom_margin_tablet=&#8221;10px|||0px|false|false&#8221; custom_margin_phone=&#8221;4px||||false|false&#8221; custom_margin_last_edited=&#8221;on|tablet&#8221; custom_padding=&#8221;||1px|||&#8221; header_font_size_tablet=&#8221;37px&#8221; header_font_size_phone=&#8221;21px&#8221; header_font_size_last_edited=&#8221;on|phone&#8221; header_2_font_size_tablet=&#8221;32px&#8221; header_2_font_size_phone=&#8221;19px&#8221; header_2_font_size_last_edited=&#8221;on|desktop&#8221;]<\/p>\n<h1>Greenhouse in the snow<\/h1>\n<h2>_ europe _<\/h2>\n<p>[\/et_pb_text][\/et_pb_column][\/et_pb_row][et_pb_row _builder_version=&#8221;4.0.9&#8243; background_enable_image=&#8221;off&#8221; background_size=&#8221;contain&#8221; width_tablet=&#8221;80%&#8221; width_phone=&#8221;80%&#8221; width_last_edited=&#8221;on|desktop&#8221; max_width_tablet=&#8221;80%&#8221; max_width_phone=&#8221;&#8221; max_width_last_edited=&#8221;on|phone&#8221; min_height_tablet=&#8221;&#8221; min_height_phone=&#8221;&#8221; min_height_last_edited=&#8221;on|tablet&#8221; custom_margin=&#8221;0px||0px||true|false&#8221; custom_margin_tablet=&#8221;&#8221; custom_margin_phone=&#8221;&#8221; custom_margin_last_edited=&#8221;on|tablet&#8221; custom_padding=&#8221;0px||0px||true|false&#8221; custom_margin__hover_enabled=&#8221;off|desktop&#8221;][et_pb_column type=&#8221;4_4&#8243; _builder_version=&#8221;4.0.9&#8243;][et_pb_image src=&#8221;https:\/\/greenhouseinthesnow-europe.com\/wordpress\/wp-content\/uploads\/2020\/03\/tuin2.jpg&#8221; _builder_version=&#8221;4.0.9&#8243;][\/et_pb_image][\/et_pb_column][\/et_pb_row][et_pb_row column_structure=&#8221;1_6,1_6,1_6,1_6,1_6,1_6&#8243; disabled_on=&#8221;on|on|off&#8221; _builder_version=&#8221;4.0.9&#8243; custom_margin=&#8221;||||false|false&#8221;][et_pb_column type=&#8221;1_6&#8243; _builder_version=&#8221;4.0.9&#8243;][et_pb_image src=&#8221;https:\/\/greenhouseinthesnow-europe.com\/wordpress\/wp-content\/uploads\/2020\/02\/vlinder-gerard-vrijstaand-1-300&#215;300.png&#8221; url=&#8221;https:\/\/greenhouseinthesnow-europe.com\/about-us\/&#8221; _builder_version=&#8221;4.0.9&#8243; transform_scale=&#8221;75%|75%&#8221; width_tablet=&#8221;&#8221; width_phone=&#8221;33%&#8221; width_last_edited=&#8221;on|phone&#8221; min_height_tablet=&#8221;&#8221; min_height_phone=&#8221;&#8221; min_height_last_edited=&#8221;on|phone&#8221;][\/et_pb_image][et_pb_text _builder_version=&#8221;4.0.9&#8243; header_text_align=&#8221;center&#8221; header_2_text_align=&#8221;center&#8221; header_3_font=&#8221;Architects Daughter||||||||&#8221; header_3_text_color=&#8221;#000000&#8243; header_3_font_size=&#8221;24px&#8221; text_orientation=&#8221;center&#8221; width=&#8221;100%&#8221; width_tablet=&#8221;87%&#8221; width_phone=&#8221;&#8221; width_last_edited=&#8221;on|desktop&#8221; custom_margin=&#8221;-12px||||false|false&#8221; custom_padding=&#8221;1px|||||&#8221; link_option_url=&#8221;https:\/\/greenhouseinthesnow-europe.com\/about-us\/&#8221; header_3_text_shadow_style=&#8221;preset1&#8243; header_3_text_shadow_horizontal_length=&#8221;-0.02em&#8221; header_3_text_shadow_vertical_length=&#8221;0.02em&#8221; header_3_text_shadow_blur_strength=&#8221;0.05em&#8221; header_3_text_shadow_color=&#8221;#000000&#8243; locked=&#8221;off&#8221;]<\/p>\n<h3>Qui sommes-nous\u00a0?<\/h3>\n<p>[\/et_pb_text][\/et_pb_column][et_pb_column type=&#8221;1_6&#8243; _builder_version=&#8221;4.0.9&#8243;][et_pb_image src=&#8221;https:\/\/greenhouseinthesnow-europe.com\/wordpress\/wp-content\/uploads\/2020\/02\/Gieterkopie-300&#215;300.png&#8221; url=&#8221;https:\/\/greenhouseinthesnow-europe.com\/products-of-catalogue-of-delivery-program&#8221; _builder_version=&#8221;4.0.9&#8243; width_tablet=&#8221;&#8221; width_phone=&#8221;33%&#8221; width_last_edited=&#8221;on|phone&#8221; min_height_tablet=&#8221;&#8221; min_height_phone=&#8221;&#8221; min_height_last_edited=&#8221;on|phone&#8221;][\/et_pb_image][et_pb_text _builder_version=&#8221;4.0.9&#8243; header_text_align=&#8221;center&#8221; header_2_text_align=&#8221;center&#8221; header_3_font=&#8221;Architects Daughter||||||||&#8221; header_3_text_color=&#8221;#000000&#8243; header_3_font_size=&#8221;24px&#8221; text_orientation=&#8221;center&#8221; width=&#8221;100%&#8221; width_tablet=&#8221;87%&#8221; width_phone=&#8221;&#8221; width_last_edited=&#8221;on|desktop&#8221; custom_margin=&#8221;-12px||||false|false&#8221; custom_padding=&#8221;1px|||||&#8221; link_option_url=&#8221;https:\/\/greenhouseinthesnow-europe.com\/products-of-catalogue-of-delivery-program&#8221; header_3_text_shadow_style=&#8221;preset1&#8243; header_3_text_shadow_horizontal_length=&#8221;-0.02em&#8221; header_3_text_shadow_vertical_length=&#8221;0.02em&#8221; header_3_text_shadow_blur_strength=&#8221;0.05em&#8221; header_3_text_shadow_color=&#8221;#000000&#8243;]<\/p>\n<h3>Catalogue<\/h3>\n<p>[\/et_pb_text][\/et_pb_column][et_pb_column type=&#8221;1_6&#8243; _builder_version=&#8221;4.0.9&#8243;][et_pb_image src=&#8221;https:\/\/greenhouseinthesnow-europe.com\/wordpress\/wp-content\/uploads\/2020\/02\/Vogeltjekopie-300&#215;300.png&#8221; url=&#8221;https:\/\/greenhouseinthesnow-europe.com\/tours\/&#8221; _builder_version=&#8221;4.0.9&#8243; transform_scale=&#8221;90%|90%&#8221; width_tablet=&#8221;&#8221; width_phone=&#8221;33%&#8221; width_last_edited=&#8221;on|phone&#8221; min_height_tablet=&#8221;&#8221; min_height_phone=&#8221;&#8221; min_height_last_edited=&#8221;on|phone&#8221;][\/et_pb_image][et_pb_text _builder_version=&#8221;4.0.9&#8243; header_text_align=&#8221;center&#8221; header_2_text_align=&#8221;center&#8221; header_3_font=&#8221;Architects Daughter||||||||&#8221; header_3_text_color=&#8221;#000000&#8243; header_3_font_size=&#8221;24px&#8221; text_orientation=&#8221;center&#8221; width=&#8221;100%&#8221; width_tablet=&#8221;87%&#8221; width_phone=&#8221;&#8221; width_last_edited=&#8221;on|desktop&#8221; custom_margin=&#8221;-12px||||false|false&#8221; custom_padding=&#8221;1px|||||&#8221; link_option_url=&#8221;https:\/\/greenhouseinthesnow-europe.com\/tours\/&#8221; header_3_text_shadow_style=&#8221;preset1&#8243; header_3_text_shadow_horizontal_length=&#8221;-0.02em&#8221; header_3_text_shadow_vertical_length=&#8221;0.02em&#8221; header_3_text_shadow_blur_strength=&#8221;0.05em&#8221; header_3_text_shadow_color=&#8221;#000000&#8243;]<\/p>\n<h3><span style=\"color: #ff0000;\">Visites<\/span><\/h3>\n<p>[\/et_pb_text][\/et_pb_column][et_pb_column type=&#8221;1_6&#8243; _builder_version=&#8221;4.0.9&#8243;][et_pb_image src=&#8221;https:\/\/greenhouseinthesnow-europe.com\/wordpress\/wp-content\/uploads\/2020\/02\/bloemkopie-300&#215;300.png&#8221; url=&#8221;https:\/\/greenhouseinthesnow-europe.com\/q-and-a\/&#8221; _builder_version=&#8221;4.0.9&#8243; transform_scale=&#8221;90%|90%&#8221; width_tablet=&#8221;&#8221; width_phone=&#8221;33%&#8221; width_last_edited=&#8221;on|phone&#8221; min_height_tablet=&#8221;&#8221; min_height_phone=&#8221;&#8221; min_height_last_edited=&#8221;on|phone&#8221;][\/et_pb_image][et_pb_text _builder_version=&#8221;4.0.9&#8243; header_text_align=&#8221;center&#8221; header_2_text_align=&#8221;center&#8221; header_3_font=&#8221;Architects Daughter||||||||&#8221; header_3_text_color=&#8221;#000000&#8243; header_3_font_size=&#8221;24px&#8221; text_orientation=&#8221;center&#8221; width=&#8221;100%&#8221; width_tablet=&#8221;87%&#8221; width_phone=&#8221;&#8221; width_last_edited=&#8221;on|desktop&#8221; custom_margin=&#8221;-12px||||false|false&#8221; custom_padding=&#8221;1px|||||&#8221; link_option_url=&#8221;https:\/\/greenhouseinthesnow-europe.com\/q-and-a\/&#8221; header_3_text_shadow_style=&#8221;preset1&#8243; header_3_text_shadow_horizontal_length=&#8221;-0.02em&#8221; header_3_text_shadow_vertical_length=&#8221;0.02em&#8221; header_3_text_shadow_blur_strength=&#8221;0.05em&#8221; header_3_text_shadow_color=&#8221;#000000&#8243;]<\/p>\n<h3>Questions\/R\u00e9ponses<\/h3>\n<p>[\/et_pb_text][\/et_pb_column][et_pb_column type=&#8221;1_6&#8243; _builder_version=&#8221;4.0.9&#8243;][et_pb_image src=&#8221;https:\/\/greenhouseinthesnow-europe.com\/wordpress\/wp-content\/uploads\/2020\/02\/plantjekopie-300&#215;300.png&#8221; url=&#8221;https:\/\/greenhouseinthesnow-europe.com\/news\/&#8221; _builder_version=&#8221;4.0.9&#8243; width_tablet=&#8221;&#8221; width_phone=&#8221;33%&#8221; width_last_edited=&#8221;on|phone&#8221; min_height_tablet=&#8221;&#8221; min_height_phone=&#8221;&#8221; min_height_last_edited=&#8221;on|phone&#8221;][\/et_pb_image][et_pb_text _builder_version=&#8221;4.0.9&#8243; header_text_align=&#8221;center&#8221; header_2_text_align=&#8221;center&#8221; header_3_font=&#8221;Architects Daughter||||||||&#8221; header_3_text_color=&#8221;#000000&#8243; header_3_font_size=&#8221;24px&#8221; text_orientation=&#8221;center&#8221; width=&#8221;100%&#8221; width_tablet=&#8221;87%&#8221; width_phone=&#8221;&#8221; width_last_edited=&#8221;on|desktop&#8221; custom_margin=&#8221;-12px||||false|false&#8221; custom_padding=&#8221;1px|||||&#8221; link_option_url=&#8221;https:\/\/greenhouseinthesnow-europe.com\/news\/&#8221; header_3_text_shadow_style=&#8221;preset1&#8243; header_3_text_shadow_horizontal_length=&#8221;-0.02em&#8221; header_3_text_shadow_vertical_length=&#8221;0.02em&#8221; header_3_text_shadow_blur_strength=&#8221;0.05em&#8221; header_3_text_shadow_color=&#8221;#000000&#8243;]<\/p>\n<h3>Actualit\u00e9<\/h3>\n<p>[\/et_pb_text][\/et_pb_column][et_pb_column type=&#8221;1_6&#8243; _builder_version=&#8221;4.0.9&#8243;][et_pb_image src=&#8221;https:\/\/greenhouseinthesnow-europe.com\/wordpress\/wp-content\/uploads\/2020\/02\/schepkopie-300&#215;300.png&#8221; url=&#8221;https:\/\/greenhouseinthesnow-europe.com\/contact\/&#8221; _builder_version=&#8221;4.0.9&#8243; width_tablet=&#8221;&#8221; width_phone=&#8221;33%&#8221; width_last_edited=&#8221;on|phone&#8221; min_height_tablet=&#8221;&#8221; min_height_phone=&#8221;&#8221; min_height_last_edited=&#8221;on|phone&#8221;][\/et_pb_image][et_pb_text _builder_version=&#8221;4.0.9&#8243; header_text_align=&#8221;center&#8221; header_2_text_align=&#8221;center&#8221; header_3_font=&#8221;Architects Daughter||||||||&#8221; header_3_text_color=&#8221;#000000&#8243; header_3_font_size=&#8221;24px&#8221; text_orientation=&#8221;center&#8221; width=&#8221;100%&#8221; width_tablet=&#8221;87%&#8221; width_phone=&#8221;&#8221; width_last_edited=&#8221;on|desktop&#8221; custom_margin=&#8221;-12px||||false|false&#8221; custom_padding=&#8221;1px|||||&#8221; link_option_url=&#8221;https:\/\/greenhouseinthesnow-europe.com\/contact\/&#8221; header_3_text_shadow_style=&#8221;preset1&#8243; header_3_text_shadow_horizontal_length=&#8221;-0.02em&#8221; header_3_text_shadow_vertical_length=&#8221;0.02em&#8221; header_3_text_shadow_blur_strength=&#8221;0.05em&#8221; header_3_text_shadow_color=&#8221;#000000&#8243;]<\/p>\n<h3>Contact<\/h3>\n<p>[\/et_pb_text][\/et_pb_column][\/et_pb_row][et_pb_row column_structure=&#8221;2_3,1_3&#8243; _builder_version=&#8221;4.0.9&#8243; custom_padding=&#8221;||3px|||&#8221;][et_pb_column type=&#8221;2_3&#8243; _builder_version=&#8221;4.0.9&#8243;][et_pb_text _builder_version=&#8221;4.9.2&#8243; custom_padding=&#8221;|0px||2px||&#8221; hover_enabled=&#8221;0&#8243; sticky_enabled=&#8221;0&#8243;]<\/p>\n<h1>Visites<\/h1>\n<p>2020 a \u00e9t\u00e9 une grande ann\u00e9e pour nous : outre la creation de la filiale Greenhouse In The Snow Europe, nous avons \u00e9galement install\u00e9 notre premi\u00e8re serre ici en Bretagne, France.<\/p>\n<p>Apr\u00e8s la pr\u00e9paration minutieuse, la fabrication, les tests de production et la recherche des mat\u00e9riaux les plus appropri\u00e9s, durables et locaux, nous avons pr\u00e9par\u00e9 et command\u00e9 toutes les pi\u00e8ces n\u00e9cessaires \u00e0 la construction de la serre g\u00e9othermique.<\/p>\n<p>Au cours des diff\u00e9rentes phases de construction du projet, nous avons recherch\u00e9 la meilleure fa\u00e7on de construire ces serres et document\u00e9 chaque \u00e9tape du processus pour guider nos clients dans l\u2019installation de leur serre.<\/p>\n<p>Depuis la mise en service de notre serre en juin 2020, de nombreux tests ont \u00e9t\u00e9 r\u00e9alis\u00e9s avec le syst\u00e8me de ventilation\u00a0: la prise de mesures avec notre fournisseur et l\u2019installation d\u2019un ordinateur pour enregistrer 4 mesures de temp\u00e9rature toutes les 10 minutes nous permettent de collecter des donn\u00e9es et am\u00e9liorer notre expertise.<\/p>\n<p><strong>Vous souhaitez visiter la serre?<\/strong><br \/>\nContactez-nous par email ou appelez-nous pour prendre rendez-vous.<\/p>\n<p><strong>Tour virtuel<\/strong><br \/>\nIf taking a tour is no option, we can propose a virtual tour via WhatsApp\/Skype.[\/et_pb_text][\/et_pb_column][et_pb_column type=&#8221;1_3&#8243; _builder_version=&#8221;4.0.9&#8243;][et_pb_image src=&#8221;https:\/\/greenhouseinthesnow-europe.com\/wordpress\/wp-content\/uploads\/2020\/11\/Gree07082020008-682&#215;1024.jpg&#8221; title_text=&#8221;Gree07082020008&#8243; _builder_version=&#8221;4.6.6&#8243;][\/et_pb_image][\/et_pb_column][\/et_pb_row][et_pb_row _builder_version=&#8221;4.0.9&#8243;][et_pb_column type=&#8221;4_4&#8243; _builder_version=&#8221;4.0.9&#8243;][et_pb_video src=&#8221;https:\/\/youtu.be\/UsZgCz3PQks&#8221; _builder_version=&#8221;4.0.9&#8243;][\/et_pb_video][et_pb_text _builder_version=&#8221;4.9.2&#8243;]<\/p>\n<p>Russ et Allen ont enregistr\u00e9 une visite virtuelle que vous pouvez visionner pour vous faire une id\u00e9e.<\/p>\n<p>[\/et_pb_text][\/et_pb_column][\/et_pb_row][\/et_pb_section]<\/p>","protected":false},"excerpt":{"rendered":"<p>Greenhouse in the snow _ europe _ About us Catalogue Tours Q and A News Contact Tours 2020 has been a very interesting year for us. Not only we started our Greenhouse in the Snow Europe operation but we also built the first greenhouse right here in Britany, France. After thorough preparations, engineering, test production [&hellip;]<\/p>","protected":false},"author":1,"featured_media":0,"parent":0,"menu_order":0,"comment_status":"closed","ping_status":"closed","template":"","meta":{"_et_pb_use_builder":"on","_et_pb_old_content":"","_et_gb_content_width":"","footnotes":""},"class_list":["post-136","page","type-page","status-publish","hentry"],"yoast_head":"<!-- This site is optimized with the Yoast SEO plugin v26.7 - https:\/\/yoast.com\/wordpress\/plugins\/seo\/ -->\n<title>Tours - Greenhouse in the snow<\/title>\n<meta name=\"robots\" content=\"index, follow, max-snippet:-1, max-image-preview:large, max-video-preview:-1\" \/>\n<link rel=\"canonical\" href=\"https:\/\/greenhouseinthesnow-europe.com\/fr\/tours\/\" \/>\n<meta property=\"og:locale\" content=\"fr_FR\" \/>\n<meta property=\"og:type\" content=\"article\" \/>\n<meta property=\"og:title\" content=\"Tours - Greenhouse in the snow\" \/>\n<meta property=\"og:description\" content=\"Greenhouse in the snow _ europe _ About us Catalogue Tours Q and A News Contact Tours 2020 has been a very interesting year for us. Not only we started our Greenhouse in the Snow Europe operation but we also built the first greenhouse right here in Britany, France. After thorough preparations, engineering, test production [&hellip;]\" \/>\n<meta property=\"og:url\" content=\"https:\/\/greenhouseinthesnow-europe.com\/fr\/tours\/\" \/>\n<meta property=\"og:site_name\" content=\"Greenhouse in the snow\" \/>\n<meta property=\"article:modified_time\" content=\"2021-04-20T20:01:10+00:00\" \/>\n<meta name=\"twitter:card\" content=\"summary_large_image\" \/>\n<meta name=\"twitter:label1\" content=\"Dur\u00e9e de lecture estim\u00e9e\" \/>\n\t<meta name=\"twitter:data1\" content=\"8 minutes\" \/>\n<script type=\"application\/ld+json\" class=\"yoast-schema-graph\">{\"@context\":\"https:\/\/schema.org\",\"@graph\":[{\"@type\":\"WebPage\",\"@id\":\"https:\/\/greenhouseinthesnow-europe.com\/fr\/tours\/\",\"url\":\"https:\/\/greenhouseinthesnow-europe.com\/fr\/tours\/\",\"name\":\"Tours - Greenhouse in the snow\",\"isPartOf\":{\"@id\":\"https:\/\/greenhouseinthesnow-europe.com\/#website\"},\"datePublished\":\"2020-03-19T14:08:55+00:00\",\"dateModified\":\"2021-04-20T20:01:10+00:00\",\"breadcrumb\":{\"@id\":\"https:\/\/greenhouseinthesnow-europe.com\/fr\/tours\/#breadcrumb\"},\"inLanguage\":\"fr-FR\",\"potentialAction\":[{\"@type\":\"ReadAction\",\"target\":[\"https:\/\/greenhouseinthesnow-europe.com\/fr\/tours\/\"]}]},{\"@type\":\"BreadcrumbList\",\"@id\":\"https:\/\/greenhouseinthesnow-europe.com\/fr\/tours\/#breadcrumb\",\"itemListElement\":[{\"@type\":\"ListItem\",\"position\":1,\"name\":\"Home\",\"item\":\"https:\/\/greenhouseinthesnow-europe.com\/\"},{\"@type\":\"ListItem\",\"position\":2,\"name\":\"Tours\"}]},{\"@type\":\"WebSite\",\"@id\":\"https:\/\/greenhouseinthesnow-europe.com\/#website\",\"url\":\"https:\/\/greenhouseinthesnow-europe.com\/\",\"name\":\"Greenhouse in the snow\",\"description\":\"\",\"publisher\":{\"@id\":\"https:\/\/greenhouseinthesnow-europe.com\/#organization\"},\"potentialAction\":[{\"@type\":\"SearchAction\",\"target\":{\"@type\":\"EntryPoint\",\"urlTemplate\":\"https:\/\/greenhouseinthesnow-europe.com\/?s={search_term_string}\"},\"query-input\":{\"@type\":\"PropertyValueSpecification\",\"valueRequired\":true,\"valueName\":\"search_term_string\"}}],\"inLanguage\":\"fr-FR\"},{\"@type\":\"Organization\",\"@id\":\"https:\/\/greenhouseinthesnow-europe.com\/#organization\",\"name\":\"Greenhouse in the Snow - Europe\",\"url\":\"https:\/\/greenhouseinthesnow-europe.com\/\",\"logo\":{\"@type\":\"ImageObject\",\"inLanguage\":\"fr-FR\",\"@id\":\"https:\/\/greenhouseinthesnow-europe.com\/#\/schema\/logo\/image\/\",\"url\":\"https:\/\/i2.wp.com\/greenhouseinthesnow-europe.com\/wordpress\/wp-content\/uploads\/2020\/03\/logo-500x500-1.jpg?fit=500%2C543&ssl=1\",\"contentUrl\":\"https:\/\/i2.wp.com\/greenhouseinthesnow-europe.com\/wordpress\/wp-content\/uploads\/2020\/03\/logo-500x500-1.jpg?fit=500%2C543&ssl=1\",\"width\":500,\"height\":543,\"caption\":\"Greenhouse in the Snow - Europe\"},\"image\":{\"@id\":\"https:\/\/greenhouseinthesnow-europe.com\/#\/schema\/logo\/image\/\"}}]}<\/script>\n<!-- \/ Yoast SEO plugin. -->","yoast_head_json":{"title":"Tours - Greenhouse in the snow","robots":{"index":"index","follow":"follow","max-snippet":"max-snippet:-1","max-image-preview":"max-image-preview:large","max-video-preview":"max-video-preview:-1"},"canonical":"https:\/\/greenhouseinthesnow-europe.com\/fr\/tours\/","og_locale":"fr_FR","og_type":"article","og_title":"Tours - Greenhouse in the snow","og_description":"Greenhouse in the snow _ europe _ About us Catalogue Tours Q and A News Contact Tours 2020 has been a very interesting year for us. Not only we started our Greenhouse in the Snow Europe operation but we also built the first greenhouse right here in Britany, France. After thorough preparations, engineering, test production [&hellip;]","og_url":"https:\/\/greenhouseinthesnow-europe.com\/fr\/tours\/","og_site_name":"Greenhouse in the snow","article_modified_time":"2021-04-20T20:01:10+00:00","twitter_card":"summary_large_image","twitter_misc":{"Dur\u00e9e de lecture estim\u00e9e":"8 minutes"},"schema":{"@context":"https:\/\/schema.org","@graph":[{"@type":"WebPage","@id":"https:\/\/greenhouseinthesnow-europe.com\/fr\/tours\/","url":"https:\/\/greenhouseinthesnow-europe.com\/fr\/tours\/","name":"Tours - Greenhouse in the snow","isPartOf":{"@id":"https:\/\/greenhouseinthesnow-europe.com\/#website"},"datePublished":"2020-03-19T14:08:55+00:00","dateModified":"2021-04-20T20:01:10+00:00","breadcrumb":{"@id":"https:\/\/greenhouseinthesnow-europe.com\/fr\/tours\/#breadcrumb"},"inLanguage":"fr-FR","potentialAction":[{"@type":"ReadAction","target":["https:\/\/greenhouseinthesnow-europe.com\/fr\/tours\/"]}]},{"@type":"BreadcrumbList","@id":"https:\/\/greenhouseinthesnow-europe.com\/fr\/tours\/#breadcrumb","itemListElement":[{"@type":"ListItem","position":1,"name":"Home","item":"https:\/\/greenhouseinthesnow-europe.com\/"},{"@type":"ListItem","position":2,"name":"Tours"}]},{"@type":"WebSite","@id":"https:\/\/greenhouseinthesnow-europe.com\/#website","url":"https:\/\/greenhouseinthesnow-europe.com\/","name":"Greenhouse in the snow","description":"","publisher":{"@id":"https:\/\/greenhouseinthesnow-europe.com\/#organization"},"potentialAction":[{"@type":"SearchAction","target":{"@type":"EntryPoint","urlTemplate":"https:\/\/greenhouseinthesnow-europe.com\/?s={search_term_string}"},"query-input":{"@type":"PropertyValueSpecification","valueRequired":true,"valueName":"search_term_string"}}],"inLanguage":"fr-FR"},{"@type":"Organization","@id":"https:\/\/greenhouseinthesnow-europe.com\/#organization","name":"Greenhouse in the Snow - Europe","url":"https:\/\/greenhouseinthesnow-europe.com\/","logo":{"@type":"ImageObject","inLanguage":"fr-FR","@id":"https:\/\/greenhouseinthesnow-europe.com\/#\/schema\/logo\/image\/","url":"https:\/\/i2.wp.com\/greenhouseinthesnow-europe.com\/wordpress\/wp-content\/uploads\/2020\/03\/logo-500x500-1.jpg?fit=500%2C543&ssl=1","contentUrl":"https:\/\/i2.wp.com\/greenhouseinthesnow-europe.com\/wordpress\/wp-content\/uploads\/2020\/03\/logo-500x500-1.jpg?fit=500%2C543&ssl=1","width":500,"height":543,"caption":"Greenhouse in the Snow - Europe"},"image":{"@id":"https:\/\/greenhouseinthesnow-europe.com\/#\/schema\/logo\/image\/"}}]}},"jetpack_sharing_enabled":true,"_links":{"self":[{"href":"https:\/\/greenhouseinthesnow-europe.com\/fr\/wp-json\/wp\/v2\/pages\/136","targetHints":{"allow":["GET"]}}],"collection":[{"href":"https:\/\/greenhouseinthesnow-europe.com\/fr\/wp-json\/wp\/v2\/pages"}],"about":[{"href":"https:\/\/greenhouseinthesnow-europe.com\/fr\/wp-json\/wp\/v2\/types\/page"}],"author":[{"embeddable":true,"href":"https:\/\/greenhouseinthesnow-europe.com\/fr\/wp-json\/wp\/v2\/users\/1"}],"replies":[{"embeddable":true,"href":"https:\/\/greenhouseinthesnow-europe.com\/fr\/wp-json\/wp\/v2\/comments?post=136"}],"version-history":[{"count":31,"href":"https:\/\/greenhouseinthesnow-europe.com\/fr\/wp-json\/wp\/v2\/pages\/136\/revisions"}],"predecessor-version":[{"id":811,"href":"https:\/\/greenhouseinthesnow-europe.com\/fr\/wp-json\/wp\/v2\/pages\/136\/revisions\/811"}],"wp:attachment":[{"href":"https:\/\/greenhouseinthesnow-europe.com\/fr\/wp-json\/wp\/v2\/media?parent=136"}],"curies":[{"name":"wp","href":"https:\/\/api.w.org\/{rel}","templated":true}]}}