{"id":108,"date":"2020-03-14T15:11:26","date_gmt":"2020-03-14T15:11:26","guid":{"rendered":"https:\/\/greenhouseinthesnow-europe.com\/?page_id=108"},"modified":"2020-11-04T12:54:58","modified_gmt":"2020-11-04T12:54:58","slug":"about-us","status":"publish","type":"page","link":"https:\/\/greenhouseinthesnow-europe.com\/fr\/about-us\/","title":{"rendered":"About US"},"content":{"rendered":"<p>[et_pb_section bb_built=&#8221;1&#8243; _builder_version=&#8221;4.0.9&#8243; background_enable_image=&#8221;off&#8221; min_height=&#8221;2217px&#8221;][et_pb_row column_structure=&#8221;1_4,3_4&#8243; _builder_version=&#8221;4.0.9&#8243; link_option_url=&#8221;https:\/\/greenhouseinthesnow-europe.com&#8221; locked=&#8221;off&#8221;][et_pb_column type=&#8221;1_4&#8243; _builder_version=&#8221;4.0.9&#8243;][et_pb_image src=&#8221;https:\/\/greenhouseinthesnow-europe.com\/wordpress\/wp-content\/uploads\/2020\/03\/logo-500&#215;500-1-276&#215;300.jpg&#8221; disabled_on=&#8221;on|on|off&#8221; _builder_version=&#8221;4.6.6&#8243; height=&#8221;180px&#8221; custom_margin=&#8221;-36px||||false|false&#8221; custom_margin_last_edited=&#8221;on|desktop&#8221; url=&#8221;https:\/\/greenhouseinthesnow-europe.com\/&#8221; box_shadow_horizontal_tablet=&#8221;0px&#8221; box_shadow_vertical_tablet=&#8221;0px&#8221; box_shadow_blur_tablet=&#8221;40px&#8221; box_shadow_spread_tablet=&#8221;0px&#8221; vertical_offset_tablet=&#8221;0&#8243; horizontal_offset_tablet=&#8221;0&#8243; z_index_tablet=&#8221;0&#8243; \/][\/et_pb_column][et_pb_column type=&#8221;3_4&#8243; _builder_version=&#8221;4.0.9&#8243;][et_pb_text _builder_version=&#8221;4.0.9&#8243; header_font=&#8221;Architects Daughter|||on|||||&#8221; header_text_align=&#8221;center&#8221; header_font_size=&#8221;35px&#8221; header_letter_spacing=&#8221;5px&#8221; header_2_font=&#8221;Architects Daughter|||on|||||&#8221; header_2_text_color=&#8221;#6fb543&#8243; header_2_font_size=&#8221;22px&#8221; text_orientation=&#8221;center&#8221; min_height=&#8221;76px&#8221; custom_margin=&#8221;45px||||false|false&#8221; custom_margin_tablet=&#8221;10px|||0px|false|false&#8221; custom_margin_phone=&#8221;4px||||false|false&#8221; custom_margin_last_edited=&#8221;on|tablet&#8221; custom_padding=&#8221;||1px|||&#8221; header_font_size_tablet=&#8221;37px&#8221; header_font_size_phone=&#8221;21px&#8221; header_font_size_last_edited=&#8221;on|phone&#8221; header_2_font_size_tablet=&#8221;32px&#8221; header_2_font_size_phone=&#8221;19px&#8221; header_2_font_size_last_edited=&#8221;on|desktop&#8221;]<\/p>\n<h1>Greenhouse in the snow<\/h1>\n<h2>_ europe _<\/h2>\n<p>[\/et_pb_text][\/et_pb_column][\/et_pb_row][et_pb_row _builder_version=&#8221;4.0.9&#8243; background_enable_image=&#8221;off&#8221; background_size=&#8221;contain&#8221; width_tablet=&#8221;80%&#8221; width_phone=&#8221;80%&#8221; width_last_edited=&#8221;on|desktop&#8221; max_width_tablet=&#8221;80%&#8221; max_width_last_edited=&#8221;on|phone&#8221; min_height_last_edited=&#8221;on|tablet&#8221; custom_margin=&#8221;0px||0px||true|false&#8221; custom_margin_last_edited=&#8221;on|tablet&#8221; custom_padding=&#8221;0px||0px||true|false&#8221; custom_margin__hover_enabled=&#8221;off|desktop&#8221;][et_pb_column type=&#8221;4_4&#8243; _builder_version=&#8221;4.0.9&#8243;][et_pb_image src=&#8221;https:\/\/greenhouseinthesnow-europe.com\/wordpress\/wp-content\/uploads\/2020\/03\/tuin2.jpg&#8221; _builder_version=&#8221;4.0.9&#8243; \/][\/et_pb_column][\/et_pb_row][et_pb_row column_structure=&#8221;1_6,1_6,1_6,1_6,1_6,1_6&#8243; disabled_on=&#8221;on|on|off&#8221; _builder_version=&#8221;4.0.9&#8243;][et_pb_column type=&#8221;1_6&#8243; _builder_version=&#8221;4.0.9&#8243;][et_pb_image src=&#8221;https:\/\/greenhouseinthesnow-europe.com\/wordpress\/wp-content\/uploads\/2020\/02\/vlinder-gerard-vrijstaand-1-300&#215;300.png&#8221; _builder_version=&#8221;4.0.9&#8243; transform_scale=&#8221;75%|75%&#8221; width_phone=&#8221;33%&#8221; width_last_edited=&#8221;on|phone&#8221; min_height_last_edited=&#8221;on|phone&#8221; \/][et_pb_text _builder_version=&#8221;4.0.9&#8243; header_text_align=&#8221;center&#8221; header_2_text_align=&#8221;center&#8221; header_3_font=&#8221;Architects Daughter||||||||&#8221; header_3_text_color=&#8221;#000000&#8243; header_3_font_size=&#8221;24px&#8221; text_orientation=&#8221;center&#8221; width=&#8221;100%&#8221; width_tablet=&#8221;87%&#8221; width_last_edited=&#8221;on|desktop&#8221; custom_margin=&#8221;-12px||||false|false&#8221; custom_padding=&#8221;1px|||||&#8221; header_3_text_shadow_style=&#8221;preset1&#8243; header_3_text_shadow_horizontal_length=&#8221;-0.02em&#8221; header_3_text_shadow_vertical_length=&#8221;0.02em&#8221; header_3_text_shadow_blur_strength=&#8221;0.05em&#8221; header_3_text_shadow_color=&#8221;#000000&#8243; locked=&#8221;off&#8221;]<\/p>\n<h3><span style=\"color: #ff0000;\">Qui sommes-nous\u00a0?<\/span><\/h3>\n<p>[\/et_pb_text][\/et_pb_column][et_pb_column type=&#8221;1_6&#8243; _builder_version=&#8221;4.0.9&#8243;][et_pb_image src=&#8221;https:\/\/greenhouseinthesnow-europe.com\/wordpress\/wp-content\/uploads\/2020\/02\/Gieterkopie-300&#215;300.png&#8221; url=&#8221;https:\/\/greenhouseinthesnow-europe.com\/products-of-catalogue-of-delivery-program&#8221; _builder_version=&#8221;4.0.9&#8243; width_phone=&#8221;33%&#8221; width_last_edited=&#8221;on|phone&#8221; min_height_last_edited=&#8221;on|phone&#8221; \/][et_pb_text _builder_version=&#8221;4.0.9&#8243; header_text_align=&#8221;center&#8221; header_2_text_align=&#8221;center&#8221; header_3_font=&#8221;Architects Daughter||||||||&#8221; header_3_text_color=&#8221;#000000&#8243; header_3_font_size=&#8221;24px&#8221; text_orientation=&#8221;center&#8221; width=&#8221;100%&#8221; width_tablet=&#8221;87%&#8221; width_last_edited=&#8221;on|desktop&#8221; custom_margin=&#8221;-12px||||false|false&#8221; custom_padding=&#8221;1px|||||&#8221; link_option_url=&#8221;https:\/\/greenhouseinthesnow-europe.com\/products-of-catalogue-of-delivery-program&#8221; header_3_text_shadow_style=&#8221;preset1&#8243; header_3_text_shadow_horizontal_length=&#8221;-0.02em&#8221; header_3_text_shadow_vertical_length=&#8221;0.02em&#8221; header_3_text_shadow_blur_strength=&#8221;0.05em&#8221; header_3_text_shadow_color=&#8221;#000000&#8243;]<\/p>\n<h3>Catalogue<\/h3>\n<p>[\/et_pb_text][\/et_pb_column][et_pb_column type=&#8221;1_6&#8243; _builder_version=&#8221;4.0.9&#8243;][et_pb_image src=&#8221;https:\/\/greenhouseinthesnow-europe.com\/wordpress\/wp-content\/uploads\/2020\/02\/Vogeltjekopie-300&#215;300.png&#8221; url=&#8221;https:\/\/greenhouseinthesnow-europe.com\/tours\/&#8221; _builder_version=&#8221;4.0.9&#8243; transform_scale=&#8221;90%|90%&#8221; width_phone=&#8221;33%&#8221; width_last_edited=&#8221;on|phone&#8221; min_height_last_edited=&#8221;on|phone&#8221; \/][et_pb_text _builder_version=&#8221;4.0.9&#8243; header_text_align=&#8221;center&#8221; header_2_text_align=&#8221;center&#8221; header_3_font=&#8221;Architects Daughter||||||||&#8221; header_3_text_color=&#8221;#000000&#8243; header_3_font_size=&#8221;24px&#8221; text_orientation=&#8221;center&#8221; width=&#8221;100%&#8221; width_tablet=&#8221;87%&#8221; width_last_edited=&#8221;on|desktop&#8221; custom_margin=&#8221;-12px||||false|false&#8221; custom_padding=&#8221;1px|||||&#8221; link_option_url=&#8221;https:\/\/greenhouseinthesnow-europe.com\/tours\/&#8221; header_3_text_shadow_style=&#8221;preset1&#8243; header_3_text_shadow_horizontal_length=&#8221;-0.02em&#8221; header_3_text_shadow_vertical_length=&#8221;0.02em&#8221; header_3_text_shadow_blur_strength=&#8221;0.05em&#8221; header_3_text_shadow_color=&#8221;#000000&#8243;]<\/p>\n<h3>Visites<\/h3>\n<p>[\/et_pb_text][\/et_pb_column][et_pb_column type=&#8221;1_6&#8243; _builder_version=&#8221;4.0.9&#8243;][et_pb_image src=&#8221;https:\/\/greenhouseinthesnow-europe.com\/wordpress\/wp-content\/uploads\/2020\/02\/bloemkopie-300&#215;300.png&#8221; url=&#8221;https:\/\/greenhouseinthesnow-europe.com\/qanda&#8221; _builder_version=&#8221;4.0.9&#8243; transform_scale=&#8221;90%|90%&#8221; width_phone=&#8221;33%&#8221; width_last_edited=&#8221;on|phone&#8221; min_height_last_edited=&#8221;on|phone&#8221; \/][et_pb_text _builder_version=&#8221;4.0.9&#8243; header_text_align=&#8221;center&#8221; header_2_text_align=&#8221;center&#8221; header_3_font=&#8221;Architects Daughter||||||||&#8221; header_3_text_color=&#8221;#000000&#8243; header_3_font_size=&#8221;24px&#8221; text_orientation=&#8221;center&#8221; width=&#8221;100%&#8221; width_tablet=&#8221;87%&#8221; width_last_edited=&#8221;on|desktop&#8221; custom_margin=&#8221;-12px||||false|false&#8221; custom_padding=&#8221;1px|||||&#8221; link_option_url=&#8221;https:\/\/greenhouseinthesnow-europe.com\/q-and-a\/&#8221; header_3_text_shadow_style=&#8221;preset1&#8243; header_3_text_shadow_horizontal_length=&#8221;-0.02em&#8221; header_3_text_shadow_vertical_length=&#8221;0.02em&#8221; header_3_text_shadow_blur_strength=&#8221;0.05em&#8221; header_3_text_shadow_color=&#8221;#000000&#8243;]<\/p>\n<h3>Questions\/R\u00e9ponses<\/h3>\n<p>[\/et_pb_text][\/et_pb_column][et_pb_column type=&#8221;1_6&#8243; _builder_version=&#8221;4.0.9&#8243;][et_pb_image src=&#8221;https:\/\/greenhouseinthesnow-europe.com\/wordpress\/wp-content\/uploads\/2020\/02\/plantjekopie-300&#215;300.png&#8221; url=&#8221;https:\/\/greenhouseinthesnow-europe.com\/news\/&#8221; _builder_version=&#8221;4.0.9&#8243; width_phone=&#8221;33%&#8221; width_last_edited=&#8221;on|phone&#8221; min_height_last_edited=&#8221;on|phone&#8221; \/][et_pb_text _builder_version=&#8221;4.0.9&#8243; header_text_align=&#8221;center&#8221; header_2_text_align=&#8221;center&#8221; header_3_font=&#8221;Architects Daughter||||||||&#8221; header_3_text_color=&#8221;#000000&#8243; header_3_font_size=&#8221;24px&#8221; text_orientation=&#8221;center&#8221; width=&#8221;100%&#8221; width_tablet=&#8221;87%&#8221; width_last_edited=&#8221;on|desktop&#8221; custom_margin=&#8221;-12px||||false|false&#8221; custom_padding=&#8221;1px|||||&#8221; link_option_url=&#8221;https:\/\/greenhouseinthesnow-europe.com\/news\/&#8221; header_3_text_shadow_style=&#8221;preset1&#8243; header_3_text_shadow_horizontal_length=&#8221;-0.02em&#8221; header_3_text_shadow_vertical_length=&#8221;0.02em&#8221; header_3_text_shadow_blur_strength=&#8221;0.05em&#8221; header_3_text_shadow_color=&#8221;#000000&#8243;]<\/p>\n<h3>Actualit\u00e9<\/h3>\n<p>[\/et_pb_text][\/et_pb_column][et_pb_column type=&#8221;1_6&#8243; _builder_version=&#8221;4.0.9&#8243;][et_pb_image src=&#8221;https:\/\/greenhouseinthesnow-europe.com\/wordpress\/wp-content\/uploads\/2020\/02\/schepkopie-300&#215;300.png&#8221; url=&#8221;https:\/\/greenhouseinthesnow-europe.com\/contact&#8221; _builder_version=&#8221;4.0.9&#8243; width_phone=&#8221;33%&#8221; width_last_edited=&#8221;on|phone&#8221; min_height_last_edited=&#8221;on|phone&#8221; \/][et_pb_text _builder_version=&#8221;4.0.9&#8243; header_text_align=&#8221;center&#8221; header_2_text_align=&#8221;center&#8221; header_3_font=&#8221;Architects Daughter||||||||&#8221; header_3_text_color=&#8221;#000000&#8243; header_3_font_size=&#8221;24px&#8221; text_orientation=&#8221;center&#8221; width=&#8221;100%&#8221; width_tablet=&#8221;87%&#8221; width_last_edited=&#8221;on|desktop&#8221; custom_margin=&#8221;-12px||||false|false&#8221; custom_padding=&#8221;1px|||||&#8221; link_option_url=&#8221;https:\/\/greenhouseinthesnow-europe.com\/qanda&#8221; header_3_text_shadow_style=&#8221;preset1&#8243; header_3_text_shadow_horizontal_length=&#8221;-0.02em&#8221; header_3_text_shadow_vertical_length=&#8221;0.02em&#8221; header_3_text_shadow_blur_strength=&#8221;0.05em&#8221; header_3_text_shadow_color=&#8221;#000000&#8243;]<\/p>\n<h3>Contact<\/h3>\n<p>[\/et_pb_text][\/et_pb_column][\/et_pb_row][et_pb_row column_structure=&#8221;2_3,1_3&#8243; _builder_version=&#8221;4.0.9&#8243;][et_pb_column type=&#8221;2_3&#8243; _builder_version=&#8221;4.0.9&#8243;][et_pb_text _builder_version=&#8221;4.0.9&#8243; text_font_size=&#8221;17px&#8221;]<\/p>\n<h2>Qui sommes-nous\u00a0?<\/h2>\n<p>&nbsp;<\/p>\n<p>&nbsp;<\/p>\n<p>Je m\u2019appelle Sascha, et je viens de me lancer dans cette nouvelle aventure !<\/p>\n<p>N\u00e9 aux Pays-Bas, j\u2019ai d\u00e9di\u00e9 12 ans de ma vie \u00e0 diriger le service apr\u00e8s-vente d\u2019une entreprise de machines d\u2019emballages haut-de-gamme, avant de d\u00e9cider, avec ma femme et mes deux filles, de changer de vie, et de partir m\u2019installer \u00e0 la campagne en Bretagne, pour une vie compl\u00e8tement diff\u00e9rente, dans le respect de la nature et en minimisant notre empreinte carbone.<\/p>\n<p>Nous avons commenc\u00e9 par planter un verger, et cr\u00e9er un jardin en permaculture. C\u2019est en faisant des recherches pour trouver une serre au design efficace, qui nous permettrait de prolonger la saison de production sans consommer d\u2019\u00e9nergie fossile, que j\u2019ai d\u00e9couvert Russ et son formidable concept de Greenhouse in the Snow. Il cherchait alors \u00e0 exporter le concept en Europe, pour r\u00e9pondre \u00e0 une demande de plus en plus importante. Mon implication s\u2019est alors impos\u00e9e comme une \u00e9vidence.<\/p>\n<p>Si j\u2019ai toujours r\u00eav\u00e9 de monter ma propre entreprise, cela prend tout son sens quand il s\u2019agit de contribuer \u00e0 la transition \u00e9nerg\u00e9tique, et de cultiver fruits et l\u00e9gumes en toutes saisons gr\u00e2ce \u00e0 l\u2019\u00e9nergie g\u00e9othermique disponible.<\/p>\n<p>Alors oui, je suis fier d\u2019annoncer le lancement de la filiale europ\u00e9enne de Greenhouse in the Snow, fort de la transmission des connaissances accumul\u00e9es par Russ et Allen en 25 ans d\u2019exp\u00e9rience.<\/p>\n<p>A bient\u00f4t\u00a0!<\/p>\n<p><em>Sascha<\/em><\/p>\n<p>&nbsp;<\/p>\n<p>[\/et_pb_text][\/et_pb_column][et_pb_column type=&#8221;1_3&#8243; _builder_version=&#8221;4.0.9&#8243;][et_pb_image src=&#8221;https:\/\/greenhouseinthesnow-europe.com\/wordpress\/wp-content\/uploads\/2020\/03\/sascha.jpg&#8221; _builder_version=&#8221;4.0.9&#8243; \/][et_pb_text _builder_version=&#8221;4.0.9&#8243; text_font_size=&#8221;15px&#8221; header_3_font=&#8221;||||||||&#8221; header_3_text_align=&#8221;center&#8221; custom_padding=&#8221;||49px||false|false&#8221;]<\/p>\n<h3><strong>Sascha Happ\u00e9<\/strong><\/h3>\n<p>[\/et_pb_text][et_pb_testimonial author=&#8221;Sascha Happ\u00e9&#8221; _builder_version=&#8221;4.0.9&#8243; body_font=&#8221;Architects Daughter|||on|||||&#8221; background_enable_color=&#8221;off&#8221; text_orientation=&#8221;center&#8221; width=&#8221;100%&#8221; custom_padding=&#8221;30px|||||&#8221;]<\/p>\n<h2>\"Quitte \u00e0 se lancer dans un projet, faisons-le bien, ou abstenons-nous\"<\/h2>\n<p>[\/et_pb_testimonial][\/et_pb_column][\/et_pb_row][et_pb_row _builder_version=&#8221;4.0.9&#8243; width=&#8221;100%&#8221; width_last_edited=&#8221;on|desktop&#8221;][et_pb_column type=&#8221;4_4&#8243; _builder_version=&#8221;4.0.9&#8243;][et_pb_image src=&#8221;https:\/\/greenhouseinthesnow-europe.com\/wordpress\/wp-content\/uploads\/2020\/09\/Gree07082020002pa.jpg&#8221; force_fullwidth=&#8221;on&#8221; _builder_version=&#8221;4.0.9&#8243; hover_enabled=&#8221;0&#8243; \/][\/et_pb_column][\/et_pb_row][et_pb_row column_structure=&#8221;1_3,1_3,1_3&#8243; _builder_version=&#8221;4.0.9&#8243;][et_pb_column type=&#8221;1_3&#8243; _builder_version=&#8221;4.0.9&#8243;][et_pb_image src=&#8221;https:\/\/greenhouseinthesnow-europe.com\/wordpress\/wp-content\/uploads\/2020\/09\/Gree07082020005-1024&#215;682.jpg&#8221; align=&#8221;center&#8221; _builder_version=&#8221;4.0.9&#8243; custom_padding=&#8221;0px|||||&#8221; hover_enabled=&#8221;0&#8243; \/][\/et_pb_column][et_pb_column type=&#8221;1_3&#8243; _builder_version=&#8221;4.0.9&#8243;][et_pb_image src=&#8221;https:\/\/greenhouseinthesnow-europe.com\/wordpress\/wp-content\/uploads\/2020\/09\/Gree07082020006-1024&#215;682.jpg&#8221; align=&#8221;center&#8221; _builder_version=&#8221;4.0.9&#8243; custom_padding=&#8221;0px|||||&#8221; hover_enabled=&#8221;0&#8243; \/][\/et_pb_column][et_pb_column type=&#8221;1_3&#8243; _builder_version=&#8221;4.0.9&#8243;][et_pb_image src=&#8221;https:\/\/greenhouseinthesnow-europe.com\/wordpress\/wp-content\/uploads\/2020\/09\/Gree07082020003-1024&#215;682.jpg&#8221; align=&#8221;center&#8221; _builder_version=&#8221;4.0.9&#8243; custom_padding=&#8221;0px|||||&#8221; hover_enabled=&#8221;0&#8243; \/][\/et_pb_column][\/et_pb_row][\/et_pb_section]<\/p>","protected":false},"excerpt":{"rendered":"<p>Greenhouse in the snow _ europe _ About us Catalogue Tours Q and A News Contact About Us &nbsp; &nbsp; Hi, I am Sascha and I have started a new adventure! I am born in the Netherlands and have been working with dedication as a Service Manager for a high-end packaging machinery company for twelve [&hellip;]<\/p>","protected":false},"author":1,"featured_media":0,"parent":0,"menu_order":0,"comment_status":"closed","ping_status":"closed","template":"","meta":{"_et_pb_use_builder":"on","_et_pb_old_content":"","_et_gb_content_width":"","footnotes":""},"class_list":["post-108","page","type-page","status-publish","hentry"],"yoast_head":"<!-- This site is optimized with the Yoast SEO plugin v26.7 - https:\/\/yoast.com\/wordpress\/plugins\/seo\/ -->\n<title>About US - Greenhouse in the snow<\/title>\n<meta name=\"robots\" content=\"index, follow, max-snippet:-1, max-image-preview:large, max-video-preview:-1\" \/>\n<link rel=\"canonical\" href=\"https:\/\/greenhouseinthesnow-europe.com\/fr\/about-us\/\" \/>\n<meta property=\"og:locale\" content=\"fr_FR\" \/>\n<meta property=\"og:type\" content=\"article\" \/>\n<meta property=\"og:title\" content=\"About US - Greenhouse in the snow\" \/>\n<meta property=\"og:description\" content=\"Greenhouse in the snow _ europe _ About us Catalogue Tours Q and A News Contact About Us &nbsp; &nbsp; Hi, I am Sascha and I have started a new adventure! I am born in the Netherlands and have been working with dedication as a Service Manager for a high-end packaging machinery company for twelve [&hellip;]\" \/>\n<meta property=\"og:url\" content=\"https:\/\/greenhouseinthesnow-europe.com\/fr\/about-us\/\" \/>\n<meta property=\"og:site_name\" content=\"Greenhouse in the snow\" \/>\n<meta property=\"article:modified_time\" content=\"2020-11-04T12:54:58+00:00\" \/>\n<meta name=\"twitter:card\" content=\"summary_large_image\" \/>\n<meta name=\"twitter:label1\" content=\"Dur\u00e9e de lecture estim\u00e9e\" \/>\n\t<meta name=\"twitter:data1\" content=\"8 minutes\" \/>\n<script type=\"application\/ld+json\" class=\"yoast-schema-graph\">{\"@context\":\"https:\/\/schema.org\",\"@graph\":[{\"@type\":\"WebPage\",\"@id\":\"https:\/\/greenhouseinthesnow-europe.com\/about-us\/\",\"url\":\"https:\/\/greenhouseinthesnow-europe.com\/about-us\/\",\"name\":\"About US - Greenhouse in the snow\",\"isPartOf\":{\"@id\":\"https:\/\/greenhouseinthesnow-europe.com\/#website\"},\"datePublished\":\"2020-03-14T15:11:26+00:00\",\"dateModified\":\"2020-11-04T12:54:58+00:00\",\"breadcrumb\":{\"@id\":\"https:\/\/greenhouseinthesnow-europe.com\/about-us\/#breadcrumb\"},\"inLanguage\":\"fr-FR\",\"potentialAction\":[{\"@type\":\"ReadAction\",\"target\":[\"https:\/\/greenhouseinthesnow-europe.com\/about-us\/\"]}]},{\"@type\":\"BreadcrumbList\",\"@id\":\"https:\/\/greenhouseinthesnow-europe.com\/about-us\/#breadcrumb\",\"itemListElement\":[{\"@type\":\"ListItem\",\"position\":1,\"name\":\"Home\",\"item\":\"https:\/\/greenhouseinthesnow-europe.com\/\"},{\"@type\":\"ListItem\",\"position\":2,\"name\":\"About US\"}]},{\"@type\":\"WebSite\",\"@id\":\"https:\/\/greenhouseinthesnow-europe.com\/#website\",\"url\":\"https:\/\/greenhouseinthesnow-europe.com\/\",\"name\":\"Greenhouse in the snow\",\"description\":\"\",\"publisher\":{\"@id\":\"https:\/\/greenhouseinthesnow-europe.com\/#organization\"},\"potentialAction\":[{\"@type\":\"SearchAction\",\"target\":{\"@type\":\"EntryPoint\",\"urlTemplate\":\"https:\/\/greenhouseinthesnow-europe.com\/?s={search_term_string}\"},\"query-input\":{\"@type\":\"PropertyValueSpecification\",\"valueRequired\":true,\"valueName\":\"search_term_string\"}}],\"inLanguage\":\"fr-FR\"},{\"@type\":\"Organization\",\"@id\":\"https:\/\/greenhouseinthesnow-europe.com\/#organization\",\"name\":\"Greenhouse in the Snow - Europe\",\"url\":\"https:\/\/greenhouseinthesnow-europe.com\/\",\"logo\":{\"@type\":\"ImageObject\",\"inLanguage\":\"fr-FR\",\"@id\":\"https:\/\/greenhouseinthesnow-europe.com\/#\/schema\/logo\/image\/\",\"url\":\"https:\/\/i2.wp.com\/greenhouseinthesnow-europe.com\/wordpress\/wp-content\/uploads\/2020\/03\/logo-500x500-1.jpg?fit=500%2C543&ssl=1\",\"contentUrl\":\"https:\/\/i2.wp.com\/greenhouseinthesnow-europe.com\/wordpress\/wp-content\/uploads\/2020\/03\/logo-500x500-1.jpg?fit=500%2C543&ssl=1\",\"width\":500,\"height\":543,\"caption\":\"Greenhouse in the Snow - Europe\"},\"image\":{\"@id\":\"https:\/\/greenhouseinthesnow-europe.com\/#\/schema\/logo\/image\/\"}}]}<\/script>\n<!-- \/ Yoast SEO plugin. -->","yoast_head_json":{"title":"About US - Greenhouse in the snow","robots":{"index":"index","follow":"follow","max-snippet":"max-snippet:-1","max-image-preview":"max-image-preview:large","max-video-preview":"max-video-preview:-1"},"canonical":"https:\/\/greenhouseinthesnow-europe.com\/fr\/about-us\/","og_locale":"fr_FR","og_type":"article","og_title":"About US - Greenhouse in the snow","og_description":"Greenhouse in the snow _ europe _ About us Catalogue Tours Q and A News Contact About Us &nbsp; &nbsp; Hi, I am Sascha and I have started a new adventure! I am born in the Netherlands and have been working with dedication as a Service Manager for a high-end packaging machinery company for twelve [&hellip;]","og_url":"https:\/\/greenhouseinthesnow-europe.com\/fr\/about-us\/","og_site_name":"Greenhouse in the snow","article_modified_time":"2020-11-04T12:54:58+00:00","twitter_card":"summary_large_image","twitter_misc":{"Dur\u00e9e de lecture estim\u00e9e":"8 minutes"},"schema":{"@context":"https:\/\/schema.org","@graph":[{"@type":"WebPage","@id":"https:\/\/greenhouseinthesnow-europe.com\/about-us\/","url":"https:\/\/greenhouseinthesnow-europe.com\/about-us\/","name":"About US - Greenhouse in the snow","isPartOf":{"@id":"https:\/\/greenhouseinthesnow-europe.com\/#website"},"datePublished":"2020-03-14T15:11:26+00:00","dateModified":"2020-11-04T12:54:58+00:00","breadcrumb":{"@id":"https:\/\/greenhouseinthesnow-europe.com\/about-us\/#breadcrumb"},"inLanguage":"fr-FR","potentialAction":[{"@type":"ReadAction","target":["https:\/\/greenhouseinthesnow-europe.com\/about-us\/"]}]},{"@type":"BreadcrumbList","@id":"https:\/\/greenhouseinthesnow-europe.com\/about-us\/#breadcrumb","itemListElement":[{"@type":"ListItem","position":1,"name":"Home","item":"https:\/\/greenhouseinthesnow-europe.com\/"},{"@type":"ListItem","position":2,"name":"About US"}]},{"@type":"WebSite","@id":"https:\/\/greenhouseinthesnow-europe.com\/#website","url":"https:\/\/greenhouseinthesnow-europe.com\/","name":"Greenhouse in the snow","description":"","publisher":{"@id":"https:\/\/greenhouseinthesnow-europe.com\/#organization"},"potentialAction":[{"@type":"SearchAction","target":{"@type":"EntryPoint","urlTemplate":"https:\/\/greenhouseinthesnow-europe.com\/?s={search_term_string}"},"query-input":{"@type":"PropertyValueSpecification","valueRequired":true,"valueName":"search_term_string"}}],"inLanguage":"fr-FR"},{"@type":"Organization","@id":"https:\/\/greenhouseinthesnow-europe.com\/#organization","name":"Greenhouse in the Snow - Europe","url":"https:\/\/greenhouseinthesnow-europe.com\/","logo":{"@type":"ImageObject","inLanguage":"fr-FR","@id":"https:\/\/greenhouseinthesnow-europe.com\/#\/schema\/logo\/image\/","url":"https:\/\/i2.wp.com\/greenhouseinthesnow-europe.com\/wordpress\/wp-content\/uploads\/2020\/03\/logo-500x500-1.jpg?fit=500%2C543&ssl=1","contentUrl":"https:\/\/i2.wp.com\/greenhouseinthesnow-europe.com\/wordpress\/wp-content\/uploads\/2020\/03\/logo-500x500-1.jpg?fit=500%2C543&ssl=1","width":500,"height":543,"caption":"Greenhouse in the Snow - Europe"},"image":{"@id":"https:\/\/greenhouseinthesnow-europe.com\/#\/schema\/logo\/image\/"}}]}},"jetpack_sharing_enabled":true,"_links":{"self":[{"href":"https:\/\/greenhouseinthesnow-europe.com\/fr\/wp-json\/wp\/v2\/pages\/108","targetHints":{"allow":["GET"]}}],"collection":[{"href":"https:\/\/greenhouseinthesnow-europe.com\/fr\/wp-json\/wp\/v2\/pages"}],"about":[{"href":"https:\/\/greenhouseinthesnow-europe.com\/fr\/wp-json\/wp\/v2\/types\/page"}],"author":[{"embeddable":true,"href":"https:\/\/greenhouseinthesnow-europe.com\/fr\/wp-json\/wp\/v2\/users\/1"}],"replies":[{"embeddable":true,"href":"https:\/\/greenhouseinthesnow-europe.com\/fr\/wp-json\/wp\/v2\/comments?post=108"}],"version-history":[{"count":27,"href":"https:\/\/greenhouseinthesnow-europe.com\/fr\/wp-json\/wp\/v2\/pages\/108\/revisions"}],"predecessor-version":[{"id":705,"href":"https:\/\/greenhouseinthesnow-europe.com\/fr\/wp-json\/wp\/v2\/pages\/108\/revisions\/705"}],"wp:attachment":[{"href":"https:\/\/greenhouseinthesnow-europe.com\/fr\/wp-json\/wp\/v2\/media?parent=108"}],"curies":[{"name":"wp","href":"https:\/\/api.w.org\/{rel}","templated":true}]}}